{"id":492,"date":"2019-01-04T09:43:03","date_gmt":"2019-01-04T09:43:03","guid":{"rendered":"http:\/\/www.cla.udl.cat\/investigadors\/"},"modified":"2025-02-25T08:22:26","modified_gmt":"2025-02-25T08:22:26","slug":"investigadors","status":"publish","type":"page","link":"https:\/\/www.cla.udl.cat\/ca\/investigadors\/","title":{"rendered":"Investigadors"},"content":{"rendered":"\t\t<div data-elementor-type=\"wp-page\" data-elementor-id=\"492\" class=\"elementor elementor-492 elementor-127\" data-elementor-post-type=\"page\">\n\t\t\t\t\t\t<section class=\"elementor-section elementor-top-section elementor-element elementor-element-45ec903 elementor-section-full_width elementor-section-height-default elementor-section-height-default\" data-id=\"45ec903\" data-element_type=\"section\" data-e-type=\"section\">\n\t\t\t\t\t\t<div class=\"elementor-container elementor-column-gap-no\">\n\t\t\t\t\t<div class=\"elementor-column elementor-col-100 elementor-top-column elementor-element elementor-element-96c9e69\" data-id=\"96c9e69\" data-element_type=\"column\" data-e-type=\"column\" data-settings=\"{&quot;background_background&quot;:&quot;classic&quot;}\">\n\t\t\t<div class=\"elementor-widget-wrap elementor-element-populated\">\n\t\t\t\t\t\t<div class=\"elementor-element elementor-element-a0345ce elementor-widget elementor-widget-spacer\" data-id=\"a0345ce\" data-element_type=\"widget\" data-e-type=\"widget\" data-widget_type=\"spacer.default\">\n\t\t\t\t<div class=\"elementor-widget-container\">\n\t\t\t\t\t\t\t<div class=\"elementor-spacer\">\n\t\t\t<div class=\"elementor-spacer-inner\"><\/div>\n\t\t<\/div>\n\t\t\t\t\t\t<\/div>\n\t\t\t\t<\/div>\n\t\t\t\t\t<\/div>\n\t\t<\/div>\n\t\t\t\t\t<\/div>\n\t\t<\/section>\n\t\t\t\t<section class=\"elementor-section elementor-top-section elementor-element elementor-element-514b6486 elementor-section-boxed elementor-section-height-default elementor-section-height-default\" data-id=\"514b6486\" data-element_type=\"section\" data-e-type=\"section\">\n\t\t\t\t\t\t<div class=\"elementor-container elementor-column-gap-default\">\n\t\t\t\t\t<div class=\"elementor-column elementor-col-50 elementor-top-column elementor-element elementor-element-5d5a0d7f\" data-id=\"5d5a0d7f\" data-element_type=\"column\" data-e-type=\"column\">\n\t\t\t<div class=\"elementor-widget-wrap elementor-element-populated\">\n\t\t\t\t\t\t<div class=\"elementor-element elementor-element-20065ce elementor-widget elementor-widget-heading\" data-id=\"20065ce\" data-element_type=\"widget\" data-e-type=\"widget\" data-widget_type=\"heading.default\">\n\t\t\t\t<div class=\"elementor-widget-container\">\n\t\t\t\t\t<h4 class=\"elementor-heading-title elementor-size-default\">Membres:<\/h4>\t\t\t\t<\/div>\n\t\t\t\t<\/div>\n\t\t\t\t<div class=\"elementor-element elementor-element-1c716b7 elementor-widget elementor-widget-text-editor\" data-id=\"1c716b7\" data-element_type=\"widget\" data-e-type=\"widget\" data-widget_type=\"text-editor.default\">\n\t\t\t\t<div class=\"elementor-widget-container\">\n\t\t\t\t\t\t\t\t\t<ul>\n<li><a href=\"https:\/\/www.cla.udl.cat\/ca\/researcher\/maria-sabate-dalmau\/\">Sabat\u00e9 Dalmau, Maria<\/a> (Coordinadora)<\/li>\n<li><a href=\"https:\/\/www.cla.udl.cat\/ca\/researcher\/marta-aguilar-perez\/\">Aguilar P\u00e9rez, Marta<\/a><\/li>\n<li><a href=\"https:\/\/www.cla.udl.cat\/ca\/researcher\/elisabet-arno\/\">Arn\u00f3 Maci\u00e0, Elisabet<\/a><\/li>\n<li><a href=\"https:\/\/www.cla.udl.cat\/ca\/investigador\/florence-baills\/\">Baills, Florence<\/a><\/li>\n<li style=\"font-size: 16px;\"><a href=\"https:\/\/www.cla.udl.cat\/ca\/sense-categoria\/federico-borges\/\">Borges S\u00e1iz, Federico<\/a> (Estudiant de doctorat)<\/li>\n<li><a href=\"https:\/\/www.cla.udl.cat\/ca\/investigador\/judith-borras\/\">Borr\u00e0s Andr\u00e9s, Judith<\/a><\/li>\n<li><a href=\"https:\/\/www.cla.udl.cat\/ca\/researcher\/josep-m-cots\/\">Cots Caimons, Josep Maria<\/a><\/li>\n<li><a href=\"https:\/\/www.cla.udl.cat\/ca\/researcher\/irati-diert-bote\/\">Diert Bot\u00e9, Irati<\/a><\/li>\n<li><a href=\"https:\/\/www.cla.udl.cat\/ca\/projectes\/anca-daniela-frumuselu\/\">Frumuselu , Anca Daniela<\/a><\/li>\n<li><a href=\"https:\/\/www.cla.udl.cat\/ca\/researcher\/montse-irun-chavarria\/\">Irun Chavarr\u00eda, Montserrat<\/a><\/li>\n<li><a href=\"https:\/\/www.cla.udl.cat\/ca\/researcher\/angels-llanes\/\">Llanes Bar\u00f3, \u00c0ngels<\/a><\/li>\n<li><a href=\"https:\/\/www.cla.udl.cat\/ca\/researcher\/enric-llurda-coordinator\/\">Llurda Gim\u00e9nez, Enric<\/a><\/li>\n<li><a href=\"https:\/\/www.cla.udl.cat\/ca\/researcher\/guzman-mancho-bares\/\">Mancho Bar\u00e9s, Guzman<\/a><\/li>\n<li><a href=\"https:\/\/www.cla.udl.cat\/ca\/projectes\/anna-marsol-jornet\/\">Marsol Jornet, Anna<\/a><\/li>\n<li><a href=\"https:\/\/www.cla.udl.cat\/ca\/researcher\/xavier-martin-rubio\/\">Martin Rubi\u00f3, Xavier<\/a><\/li>\n<li><a href=\"https:\/\/www.cla.udl.cat\/ca\/researcher\/sonia-mas-alcolea\/\">Mas Alcolea, S\u00f2nia<\/a><\/li>\n<li><a href=\"https:\/\/www.cla.udl.cat\/ca\/researcher\/balbina-moncada-comas\/\">Moncada Comas, Balbina<\/a><\/li>\n<li><a href=\"https:\/\/www.cla.udl.cat\/ca\/sense-categoria\/alfonso-sa-terriza\/\">Sa Terriza, Alfonso<\/a> (Estudiant de doctorat)<\/li>\n<li style=\"font-size: 16px;\"><a href=\"https:\/\/www.cla.udl.cat\/ca\/projectes\/iris-sola\/\">Sol\u00e0 Cortada, Iris<\/a> (Estudiant de doctorat)<\/li>\n<li><a href=\"https:\/\/www.cla.udl.cat\/ca\/projectes\/helena-torres-purroy\/\">Torres Purroy, Helena<\/a><\/li>\n<li><a href=\"https:\/\/www.cla.udl.cat\/ca\/projectes\/alexandra-vraciu\/\">Vraciu, Alexandra<\/a><\/li>\n<\/ul>\n\t\t\t\t\t\t\t\t<\/div>\n\t\t\t\t<\/div>\n\t\t\t\t<div class=\"elementor-element elementor-element-8e77b20 elementor-widget elementor-widget-heading\" data-id=\"8e77b20\" data-element_type=\"widget\" data-e-type=\"widget\" data-widget_type=\"heading.default\">\n\t\t\t\t<div class=\"elementor-widget-container\">\n\t\t\t\t\t<h4 class=\"elementor-heading-title elementor-size-default\">Col\u00b7laboradors:<\/h4>\t\t\t\t<\/div>\n\t\t\t\t<\/div>\n\t\t\t\t<div class=\"elementor-element elementor-element-522acce elementor-widget elementor-widget-text-editor\" data-id=\"522acce\" data-element_type=\"widget\" data-e-type=\"widget\" data-widget_type=\"text-editor.default\">\n\t\t\t\t<div class=\"elementor-widget-container\">\n\t\t\t\t\t\t\t\t\t<ul>\n<li><a href=\"https:\/\/www.cla.udl.cat\/ca\/?p=4618\">Calvet Terr\u00e9, J\u00falia<\/a><\/li>\n<li><a href=\"https:\/\/www.cla.udl.cat\/ca\/?p=4639\">Mena Ordu\u00f1a, Thais<\/a><\/li>\n<li>V\u00e1zquez Garc\u00eda, Gl\u00f2ria<\/li>\n<\/ul>\n\t\t\t\t\t\t\t\t<\/div>\n\t\t\t\t<\/div>\n\t\t\t\t<div class=\"elementor-element elementor-element-979fa04 elementor-widget elementor-widget-heading\" data-id=\"979fa04\" data-element_type=\"widget\" data-e-type=\"widget\" data-widget_type=\"heading.default\">\n\t\t\t\t<div class=\"elementor-widget-container\">\n\t\t\t\t\t<h4 class=\"elementor-heading-title elementor-size-default\">Membres anteriors:<\/h4>\t\t\t\t<\/div>\n\t\t\t\t<\/div>\n\t\t\t\t<div class=\"elementor-element elementor-element-935a900 elementor-widget elementor-widget-text-editor\" data-id=\"935a900\" data-element_type=\"widget\" data-e-type=\"widget\" data-widget_type=\"text-editor.default\">\n\t\t\t\t<div class=\"elementor-widget-container\">\n\t\t\t\t\t\t\t\t\t<ul>\n<li>Armengol, Lourdes<\/li>\n<\/ul>\n\t\t\t\t\t\t\t\t<\/div>\n\t\t\t\t<\/div>\n\t\t\t\t\t<\/div>\n\t\t<\/div>\n\t\t\t\t<div class=\"elementor-column elementor-col-50 elementor-top-column elementor-element elementor-element-04177df\" data-id=\"04177df\" data-element_type=\"column\" data-e-type=\"column\">\n\t\t\t<div class=\"elementor-widget-wrap elementor-element-populated\">\n\t\t\t\t\t\t\t<\/div>\n\t\t<\/div>\n\t\t\t\t\t<\/div>\n\t\t<\/section>\n\t\t\t\t<\/div>\n\t\t","protected":false},"excerpt":{"rendered":"<p>Membres: Sabat\u00e9 Dalmau, Maria (Coordinadora) Aguilar P\u00e9rez, Marta Arn\u00f3 Maci\u00e0, Elisabet Baills, Florence Borges S\u00e1iz, Federico (Estudiant de doctorat) Borr\u00e0s Andr\u00e9s, Judith Cots Caimons, Josep Maria Diert Bot\u00e9, Irati Frumuselu , Anca Daniela Irun Chavarr\u00eda, Montserrat Llanes Bar\u00f3, \u00c0ngels Llurda Gim\u00e9nez, Enric Mancho Bar\u00e9s, Guzman Marsol Jornet, Anna Martin Rubi\u00f3, Xavier Mas Alcolea, S\u00f2nia Moncada [&hellip;]<\/p>\n","protected":false},"author":1,"featured_media":0,"parent":0,"menu_order":0,"comment_status":"closed","ping_status":"closed","template":"","meta":{"footnotes":""},"class_list":["post-492","page","type-page","status-publish","hentry"],"yoast_head":"<!-- This site is optimized with the Yoast SEO plugin v21.3 - https:\/\/yoast.com\/wordpress\/plugins\/seo\/ -->\n<title>Investigadors - CLA UDL<\/title>\n<meta name=\"robots\" content=\"index, follow, max-snippet:-1, max-image-preview:large, max-video-preview:-1\" \/>\n<link rel=\"canonical\" href=\"https:\/\/www.cla.udl.cat\/researchers\/\" \/>\n<meta property=\"og:locale\" content=\"ca_ES\" \/>\n<meta property=\"og:type\" content=\"article\" \/>\n<meta property=\"og:title\" content=\"Investigadors - CLA UDL\" \/>\n<meta property=\"og:description\" content=\"Membres: Sabat\u00e9 Dalmau, Maria (Coordinadora) Aguilar P\u00e9rez, Marta Arn\u00f3 Maci\u00e0, Elisabet Baills, Florence Borges S\u00e1iz, Federico (Estudiant de doctorat) Borr\u00e0s Andr\u00e9s, Judith Cots Caimons, Josep Maria Diert Bot\u00e9, Irati Frumuselu , Anca Daniela Irun Chavarr\u00eda, Montserrat Llanes Bar\u00f3, \u00c0ngels Llurda Gim\u00e9nez, Enric Mancho Bar\u00e9s, Guzman Marsol Jornet, Anna Martin Rubi\u00f3, Xavier Mas Alcolea, S\u00f2nia Moncada [&hellip;]\" \/>\n<meta property=\"og:url\" content=\"https:\/\/www.cla.udl.cat\/researchers\/\" \/>\n<meta property=\"og:site_name\" content=\"CLA UDL\" \/>\n<meta property=\"article:modified_time\" content=\"2025-02-25T08:22:26+00:00\" \/>\n<meta name=\"twitter:card\" content=\"summary_large_image\" \/>\n<meta name=\"twitter:label1\" content=\"Temps estimat de lectura\" \/>\n\t<meta name=\"twitter:data1\" content=\"1 minut\" \/>\n<script type=\"application\/ld+json\" class=\"yoast-schema-graph\">{\"@context\":\"https:\/\/schema.org\",\"@graph\":[{\"@type\":\"WebPage\",\"@id\":\"https:\/\/www.cla.udl.cat\/researchers\/\",\"url\":\"https:\/\/www.cla.udl.cat\/researchers\/\",\"name\":\"Investigadors - CLA UDL\",\"isPartOf\":{\"@id\":\"https:\/\/www.cla.udl.cat\/#website\"},\"datePublished\":\"2019-01-04T09:43:03+00:00\",\"dateModified\":\"2025-02-25T08:22:26+00:00\",\"breadcrumb\":{\"@id\":\"https:\/\/www.cla.udl.cat\/researchers\/#breadcrumb\"},\"inLanguage\":\"ca\",\"potentialAction\":[{\"@type\":\"ReadAction\",\"target\":[\"https:\/\/www.cla.udl.cat\/researchers\/\"]}]},{\"@type\":\"BreadcrumbList\",\"@id\":\"https:\/\/www.cla.udl.cat\/researchers\/#breadcrumb\",\"itemListElement\":[{\"@type\":\"ListItem\",\"position\":1,\"name\":\"Portada\",\"item\":\"https:\/\/www.cla.udl.cat\/\"},{\"@type\":\"ListItem\",\"position\":2,\"name\":\"Investigadors\"}]},{\"@type\":\"WebSite\",\"@id\":\"https:\/\/www.cla.udl.cat\/#website\",\"url\":\"https:\/\/www.cla.udl.cat\/\",\"name\":\"CLA UDL\",\"description\":\"Cercle de Ling\u00fc\u00edstica Aplicada\",\"publisher\":{\"@id\":\"https:\/\/www.cla.udl.cat\/#organization\"},\"potentialAction\":[{\"@type\":\"SearchAction\",\"target\":{\"@type\":\"EntryPoint\",\"urlTemplate\":\"https:\/\/www.cla.udl.cat\/?s={search_term_string}\"},\"query-input\":\"required name=search_term_string\"}],\"inLanguage\":\"ca\"},{\"@type\":\"Organization\",\"@id\":\"https:\/\/www.cla.udl.cat\/#organization\",\"name\":\"CLA UDL\",\"url\":\"https:\/\/www.cla.udl.cat\/\",\"logo\":{\"@type\":\"ImageObject\",\"inLanguage\":\"ca\",\"@id\":\"https:\/\/www.cla.udl.cat\/#\/schema\/logo\/image\/\",\"url\":\"https:\/\/www.cla.udl.cat\/wp-content\/uploads\/2017\/09\/logo-CLA.gif\",\"contentUrl\":\"https:\/\/www.cla.udl.cat\/wp-content\/uploads\/2017\/09\/logo-CLA.gif\",\"width\":156,\"height\":169,\"caption\":\"CLA UDL\"},\"image\":{\"@id\":\"https:\/\/www.cla.udl.cat\/#\/schema\/logo\/image\/\"}}]}<\/script>\n<!-- \/ Yoast SEO plugin. -->","yoast_head_json":{"title":"Investigadors - CLA UDL","robots":{"index":"index","follow":"follow","max-snippet":"max-snippet:-1","max-image-preview":"max-image-preview:large","max-video-preview":"max-video-preview:-1"},"canonical":"https:\/\/www.cla.udl.cat\/researchers\/","og_locale":"ca_ES","og_type":"article","og_title":"Investigadors - CLA UDL","og_description":"Membres: Sabat\u00e9 Dalmau, Maria (Coordinadora) Aguilar P\u00e9rez, Marta Arn\u00f3 Maci\u00e0, Elisabet Baills, Florence Borges S\u00e1iz, Federico (Estudiant de doctorat) Borr\u00e0s Andr\u00e9s, Judith Cots Caimons, Josep Maria Diert Bot\u00e9, Irati Frumuselu , Anca Daniela Irun Chavarr\u00eda, Montserrat Llanes Bar\u00f3, \u00c0ngels Llurda Gim\u00e9nez, Enric Mancho Bar\u00e9s, Guzman Marsol Jornet, Anna Martin Rubi\u00f3, Xavier Mas Alcolea, S\u00f2nia Moncada [&hellip;]","og_url":"https:\/\/www.cla.udl.cat\/researchers\/","og_site_name":"CLA UDL","article_modified_time":"2025-02-25T08:22:26+00:00","twitter_card":"summary_large_image","twitter_misc":{"Temps estimat de lectura":"1 minut"},"schema":{"@context":"https:\/\/schema.org","@graph":[{"@type":"WebPage","@id":"https:\/\/www.cla.udl.cat\/researchers\/","url":"https:\/\/www.cla.udl.cat\/researchers\/","name":"Investigadors - CLA UDL","isPartOf":{"@id":"https:\/\/www.cla.udl.cat\/#website"},"datePublished":"2019-01-04T09:43:03+00:00","dateModified":"2025-02-25T08:22:26+00:00","breadcrumb":{"@id":"https:\/\/www.cla.udl.cat\/researchers\/#breadcrumb"},"inLanguage":"ca","potentialAction":[{"@type":"ReadAction","target":["https:\/\/www.cla.udl.cat\/researchers\/"]}]},{"@type":"BreadcrumbList","@id":"https:\/\/www.cla.udl.cat\/researchers\/#breadcrumb","itemListElement":[{"@type":"ListItem","position":1,"name":"Portada","item":"https:\/\/www.cla.udl.cat\/"},{"@type":"ListItem","position":2,"name":"Investigadors"}]},{"@type":"WebSite","@id":"https:\/\/www.cla.udl.cat\/#website","url":"https:\/\/www.cla.udl.cat\/","name":"CLA UDL","description":"Cercle de Ling\u00fc\u00edstica Aplicada","publisher":{"@id":"https:\/\/www.cla.udl.cat\/#organization"},"potentialAction":[{"@type":"SearchAction","target":{"@type":"EntryPoint","urlTemplate":"https:\/\/www.cla.udl.cat\/?s={search_term_string}"},"query-input":"required name=search_term_string"}],"inLanguage":"ca"},{"@type":"Organization","@id":"https:\/\/www.cla.udl.cat\/#organization","name":"CLA UDL","url":"https:\/\/www.cla.udl.cat\/","logo":{"@type":"ImageObject","inLanguage":"ca","@id":"https:\/\/www.cla.udl.cat\/#\/schema\/logo\/image\/","url":"https:\/\/www.cla.udl.cat\/wp-content\/uploads\/2017\/09\/logo-CLA.gif","contentUrl":"https:\/\/www.cla.udl.cat\/wp-content\/uploads\/2017\/09\/logo-CLA.gif","width":156,"height":169,"caption":"CLA UDL"},"image":{"@id":"https:\/\/www.cla.udl.cat\/#\/schema\/logo\/image\/"}}]}},"_links":{"self":[{"href":"https:\/\/www.cla.udl.cat\/ca\/wp-json\/wp\/v2\/pages\/492","targetHints":{"allow":["GET"]}}],"collection":[{"href":"https:\/\/www.cla.udl.cat\/ca\/wp-json\/wp\/v2\/pages"}],"about":[{"href":"https:\/\/www.cla.udl.cat\/ca\/wp-json\/wp\/v2\/types\/page"}],"author":[{"embeddable":true,"href":"https:\/\/www.cla.udl.cat\/ca\/wp-json\/wp\/v2\/users\/1"}],"replies":[{"embeddable":true,"href":"https:\/\/www.cla.udl.cat\/ca\/wp-json\/wp\/v2\/comments?post=492"}],"version-history":[{"count":112,"href":"https:\/\/www.cla.udl.cat\/ca\/wp-json\/wp\/v2\/pages\/492\/revisions"}],"predecessor-version":[{"id":4828,"href":"https:\/\/www.cla.udl.cat\/ca\/wp-json\/wp\/v2\/pages\/492\/revisions\/4828"}],"wp:attachment":[{"href":"https:\/\/www.cla.udl.cat\/ca\/wp-json\/wp\/v2\/media?parent=492"}],"curies":[{"name":"wp","href":"https:\/\/api.w.org\/{rel}","templated":true}]}}