{"id":484,"date":"2019-01-04T08:38:52","date_gmt":"2019-01-04T08:38:52","guid":{"rendered":"http:\/\/www.cla.udl.cat\/linies-de-recerca\/"},"modified":"2023-07-29T18:50:44","modified_gmt":"2023-07-29T18:50:44","slug":"linies-de-recerca","status":"publish","type":"page","link":"https:\/\/www.cla.udl.cat\/ca\/linies-de-recerca\/","title":{"rendered":"L\u00ednies de Recerca"},"content":{"rendered":"\t\t<div data-elementor-type=\"wp-page\" data-elementor-id=\"484\" class=\"elementor elementor-484 elementor-240\" data-elementor-post-type=\"page\">\n\t\t\t\t\t\t<section class=\"elementor-section elementor-top-section elementor-element elementor-element-6b4e778 elementor-section-full_width elementor-section-height-default elementor-section-height-default\" data-id=\"6b4e778\" data-element_type=\"section\" data-e-type=\"section\">\n\t\t\t\t\t\t<div class=\"elementor-container elementor-column-gap-no\">\n\t\t\t\t\t<div class=\"elementor-column elementor-col-100 elementor-top-column elementor-element elementor-element-ba86eb7\" data-id=\"ba86eb7\" data-element_type=\"column\" data-e-type=\"column\" data-settings=\"{&quot;background_background&quot;:&quot;classic&quot;}\">\n\t\t\t<div class=\"elementor-widget-wrap elementor-element-populated\">\n\t\t\t\t\t\t<div class=\"elementor-element elementor-element-7e67355 elementor-widget elementor-widget-spacer\" data-id=\"7e67355\" data-element_type=\"widget\" data-e-type=\"widget\" data-widget_type=\"spacer.default\">\n\t\t\t\t<div class=\"elementor-widget-container\">\n\t\t\t\t\t\t\t<div class=\"elementor-spacer\">\n\t\t\t<div class=\"elementor-spacer-inner\"><\/div>\n\t\t<\/div>\n\t\t\t\t\t\t<\/div>\n\t\t\t\t<\/div>\n\t\t\t\t\t<\/div>\n\t\t<\/div>\n\t\t\t\t\t<\/div>\n\t\t<\/section>\n\t\t\t\t<section class=\"elementor-section elementor-top-section elementor-element elementor-element-31d4bda elementor-section-full_width elementor-section-height-default elementor-section-height-default\" data-id=\"31d4bda\" data-element_type=\"section\" data-e-type=\"section\" data-settings=\"{&quot;background_background&quot;:&quot;classic&quot;}\">\n\t\t\t\t\t\t<div class=\"elementor-container elementor-column-gap-no\">\n\t\t\t\t\t<div class=\"elementor-column elementor-col-100 elementor-top-column elementor-element elementor-element-5081fbf\" data-id=\"5081fbf\" data-element_type=\"column\" data-e-type=\"column\">\n\t\t\t<div class=\"elementor-widget-wrap elementor-element-populated\">\n\t\t\t\t\t\t<section class=\"elementor-section elementor-inner-section elementor-element elementor-element-6c45181 elementor-section-boxed elementor-section-height-default elementor-section-height-default\" data-id=\"6c45181\" data-element_type=\"section\" data-e-type=\"section\">\n\t\t\t\t\t\t<div class=\"elementor-container elementor-column-gap-default\">\n\t\t\t\t\t<div class=\"elementor-column elementor-col-100 elementor-inner-column elementor-element elementor-element-3486f41\" data-id=\"3486f41\" data-element_type=\"column\" data-e-type=\"column\">\n\t\t\t<div class=\"elementor-widget-wrap elementor-element-populated\">\n\t\t\t\t\t\t<div class=\"elementor-element elementor-element-5c3b200 elementor-widget__width-auto elementor-widget elementor-widget-heading\" data-id=\"5c3b200\" data-element_type=\"widget\" data-e-type=\"widget\" data-widget_type=\"heading.default\">\n\t\t\t\t<div class=\"elementor-widget-container\">\n\t\t\t\t\t<h2 class=\"elementor-heading-title elementor-size-default\">L\u00ednies de Recerca<\/h2>\t\t\t\t<\/div>\n\t\t\t\t<\/div>\n\t\t\t\t\t<\/div>\n\t\t<\/div>\n\t\t\t\t\t<\/div>\n\t\t<\/section>\n\t\t\t\t\t<\/div>\n\t\t<\/div>\n\t\t\t\t\t<\/div>\n\t\t<\/section>\n\t\t\t\t<section class=\"elementor-section elementor-top-section elementor-element elementor-element-677ff93 elementor-section-boxed elementor-section-height-default elementor-section-height-default\" data-id=\"677ff93\" data-element_type=\"section\" data-e-type=\"section\">\n\t\t\t\t\t\t<div class=\"elementor-container elementor-column-gap-default\">\n\t\t\t\t\t<div class=\"elementor-column elementor-col-100 elementor-top-column elementor-element elementor-element-e257984\" data-id=\"e257984\" data-element_type=\"column\" data-e-type=\"column\">\n\t\t\t<div class=\"elementor-widget-wrap elementor-element-populated\">\n\t\t\t\t\t\t<div class=\"elementor-element elementor-element-0a1f411 elementor-widget elementor-widget-text-editor\" data-id=\"0a1f411\" data-element_type=\"widget\" data-e-type=\"widget\" data-widget_type=\"text-editor.default\">\n\t\t\t\t<div class=\"elementor-widget-container\">\n\t\t\t\t\t\t\t\t\t<ul><li style=\"font-size: 16px;\">Aspectes comunicatius, socials i educacionals del multiling\u00fcisme<\/li><li style=\"font-size: 16px;\">Internacionalitzaci\u00f3, lingua francas i lleng\u00fces minorit\u00e0ries en l\u2019educaci\u00f3 universit\u00e0ria.<\/li><li style=\"font-size: 16px;\">\u00das de la llengua i aprenentatge d\u2019aquesta en classes de contingut en angl\u00e8s<\/li><li style=\"font-size: 16px;\">Context d\u2019aprenentatge, edat i motivaci\u00f3 en l\u2019adquisici\u00f3 d\u2019una segona llengua<\/li><li style=\"font-size: 16px;\">Perspectives politico-econ\u00f2miques en aspectes de llengua i societat<\/li><li style=\"font-size: 16px;\">Perspectives socioling\u00fc\u00edstiques pel que fa la mobilitat, la migraci\u00f3 i el transnacionalisme<\/li><li style=\"font-size: 16px;\">El rol de la tecnologia en l\u2019aprenentatge d\u2019una llengua<\/li><\/ul>\t\t\t\t\t\t\t\t<\/div>\n\t\t\t\t<\/div>\n\t\t\t\t\t<\/div>\n\t\t<\/div>\n\t\t\t\t\t<\/div>\n\t\t<\/section>\n\t\t\t\t<\/div>\n\t\t","protected":false},"excerpt":{"rendered":"<p>Aspectes comunicatius, socials i educacionals del multiling\u00fcisme Internacionalitzaci\u00f3, lingua francas i lleng\u00fces minorit\u00e0ries en l\u2019educaci\u00f3 universit\u00e0ria. \u00das de la llengua i aprenentatge d\u2019aquesta en classes de contingut en angl\u00e8s Context d\u2019aprenentatge, edat i motivaci\u00f3 en l\u2019adquisici\u00f3 d\u2019una segona llengua Perspectives politico-econ\u00f2miques en aspectes de llengua i societat Perspectives socioling\u00fc\u00edstiques pel que fa la mobilitat, la [&hellip;]<\/p>\n","protected":false},"author":1,"featured_media":0,"parent":0,"menu_order":0,"comment_status":"closed","ping_status":"closed","template":"","meta":{"footnotes":""},"class_list":["post-484","page","type-page","status-publish","hentry"],"yoast_head":"<!-- This site is optimized with the Yoast SEO plugin v21.3 - https:\/\/yoast.com\/wordpress\/plugins\/seo\/ -->\n<title>L\u00ednies de Recerca - CLA UDL<\/title>\n<meta name=\"robots\" content=\"index, follow, max-snippet:-1, max-image-preview:large, max-video-preview:-1\" \/>\n<link rel=\"canonical\" href=\"https:\/\/www.cla.udl.cat\/ca\/linies-de-recerca\/\" \/>\n<meta property=\"og:locale\" content=\"ca_ES\" \/>\n<meta property=\"og:type\" content=\"article\" \/>\n<meta property=\"og:title\" content=\"L\u00ednies de Recerca - CLA UDL\" \/>\n<meta property=\"og:description\" content=\"Aspectes comunicatius, socials i educacionals del multiling\u00fcisme Internacionalitzaci\u00f3, lingua francas i lleng\u00fces minorit\u00e0ries en l\u2019educaci\u00f3 universit\u00e0ria. \u00das de la llengua i aprenentatge d\u2019aquesta en classes de contingut en angl\u00e8s Context d\u2019aprenentatge, edat i motivaci\u00f3 en l\u2019adquisici\u00f3 d\u2019una segona llengua Perspectives politico-econ\u00f2miques en aspectes de llengua i societat Perspectives socioling\u00fc\u00edstiques pel que fa la mobilitat, la [&hellip;]\" \/>\n<meta property=\"og:url\" content=\"https:\/\/www.cla.udl.cat\/ca\/linies-de-recerca\/\" \/>\n<meta property=\"og:site_name\" content=\"CLA UDL\" \/>\n<meta property=\"article:modified_time\" content=\"2023-07-29T18:50:44+00:00\" \/>\n<meta name=\"twitter:card\" content=\"summary_large_image\" \/>\n<script type=\"application\/ld+json\" class=\"yoast-schema-graph\">{\"@context\":\"https:\/\/schema.org\",\"@graph\":[{\"@type\":\"WebPage\",\"@id\":\"https:\/\/www.cla.udl.cat\/ca\/linies-de-recerca\/\",\"url\":\"https:\/\/www.cla.udl.cat\/ca\/linies-de-recerca\/\",\"name\":\"L\u00ednies de Recerca - CLA UDL\",\"isPartOf\":{\"@id\":\"https:\/\/www.cla.udl.cat\/#website\"},\"datePublished\":\"2019-01-04T08:38:52+00:00\",\"dateModified\":\"2023-07-29T18:50:44+00:00\",\"breadcrumb\":{\"@id\":\"https:\/\/www.cla.udl.cat\/ca\/linies-de-recerca\/#breadcrumb\"},\"inLanguage\":\"ca\",\"potentialAction\":[{\"@type\":\"ReadAction\",\"target\":[\"https:\/\/www.cla.udl.cat\/ca\/linies-de-recerca\/\"]}]},{\"@type\":\"BreadcrumbList\",\"@id\":\"https:\/\/www.cla.udl.cat\/ca\/linies-de-recerca\/#breadcrumb\",\"itemListElement\":[{\"@type\":\"ListItem\",\"position\":1,\"name\":\"Portada\",\"item\":\"https:\/\/www.cla.udl.cat\/\"},{\"@type\":\"ListItem\",\"position\":2,\"name\":\"L\u00ednies de Recerca\"}]},{\"@type\":\"WebSite\",\"@id\":\"https:\/\/www.cla.udl.cat\/#website\",\"url\":\"https:\/\/www.cla.udl.cat\/\",\"name\":\"CLA UDL\",\"description\":\"Cercle de Ling\u00fc\u00edstica Aplicada\",\"publisher\":{\"@id\":\"https:\/\/www.cla.udl.cat\/#organization\"},\"potentialAction\":[{\"@type\":\"SearchAction\",\"target\":{\"@type\":\"EntryPoint\",\"urlTemplate\":\"https:\/\/www.cla.udl.cat\/?s={search_term_string}\"},\"query-input\":\"required name=search_term_string\"}],\"inLanguage\":\"ca\"},{\"@type\":\"Organization\",\"@id\":\"https:\/\/www.cla.udl.cat\/#organization\",\"name\":\"CLA UDL\",\"url\":\"https:\/\/www.cla.udl.cat\/\",\"logo\":{\"@type\":\"ImageObject\",\"inLanguage\":\"ca\",\"@id\":\"https:\/\/www.cla.udl.cat\/#\/schema\/logo\/image\/\",\"url\":\"https:\/\/www.cla.udl.cat\/wp-content\/uploads\/2017\/09\/logo-CLA.gif\",\"contentUrl\":\"https:\/\/www.cla.udl.cat\/wp-content\/uploads\/2017\/09\/logo-CLA.gif\",\"width\":156,\"height\":169,\"caption\":\"CLA UDL\"},\"image\":{\"@id\":\"https:\/\/www.cla.udl.cat\/#\/schema\/logo\/image\/\"}}]}<\/script>\n<!-- \/ Yoast SEO plugin. -->","yoast_head_json":{"title":"L\u00ednies de Recerca - CLA UDL","robots":{"index":"index","follow":"follow","max-snippet":"max-snippet:-1","max-image-preview":"max-image-preview:large","max-video-preview":"max-video-preview:-1"},"canonical":"https:\/\/www.cla.udl.cat\/ca\/linies-de-recerca\/","og_locale":"ca_ES","og_type":"article","og_title":"L\u00ednies de Recerca - CLA UDL","og_description":"Aspectes comunicatius, socials i educacionals del multiling\u00fcisme Internacionalitzaci\u00f3, lingua francas i lleng\u00fces minorit\u00e0ries en l\u2019educaci\u00f3 universit\u00e0ria. \u00das de la llengua i aprenentatge d\u2019aquesta en classes de contingut en angl\u00e8s Context d\u2019aprenentatge, edat i motivaci\u00f3 en l\u2019adquisici\u00f3 d\u2019una segona llengua Perspectives politico-econ\u00f2miques en aspectes de llengua i societat Perspectives socioling\u00fc\u00edstiques pel que fa la mobilitat, la [&hellip;]","og_url":"https:\/\/www.cla.udl.cat\/ca\/linies-de-recerca\/","og_site_name":"CLA UDL","article_modified_time":"2023-07-29T18:50:44+00:00","twitter_card":"summary_large_image","schema":{"@context":"https:\/\/schema.org","@graph":[{"@type":"WebPage","@id":"https:\/\/www.cla.udl.cat\/ca\/linies-de-recerca\/","url":"https:\/\/www.cla.udl.cat\/ca\/linies-de-recerca\/","name":"L\u00ednies de Recerca - CLA UDL","isPartOf":{"@id":"https:\/\/www.cla.udl.cat\/#website"},"datePublished":"2019-01-04T08:38:52+00:00","dateModified":"2023-07-29T18:50:44+00:00","breadcrumb":{"@id":"https:\/\/www.cla.udl.cat\/ca\/linies-de-recerca\/#breadcrumb"},"inLanguage":"ca","potentialAction":[{"@type":"ReadAction","target":["https:\/\/www.cla.udl.cat\/ca\/linies-de-recerca\/"]}]},{"@type":"BreadcrumbList","@id":"https:\/\/www.cla.udl.cat\/ca\/linies-de-recerca\/#breadcrumb","itemListElement":[{"@type":"ListItem","position":1,"name":"Portada","item":"https:\/\/www.cla.udl.cat\/"},{"@type":"ListItem","position":2,"name":"L\u00ednies de Recerca"}]},{"@type":"WebSite","@id":"https:\/\/www.cla.udl.cat\/#website","url":"https:\/\/www.cla.udl.cat\/","name":"CLA UDL","description":"Cercle de Ling\u00fc\u00edstica Aplicada","publisher":{"@id":"https:\/\/www.cla.udl.cat\/#organization"},"potentialAction":[{"@type":"SearchAction","target":{"@type":"EntryPoint","urlTemplate":"https:\/\/www.cla.udl.cat\/?s={search_term_string}"},"query-input":"required name=search_term_string"}],"inLanguage":"ca"},{"@type":"Organization","@id":"https:\/\/www.cla.udl.cat\/#organization","name":"CLA UDL","url":"https:\/\/www.cla.udl.cat\/","logo":{"@type":"ImageObject","inLanguage":"ca","@id":"https:\/\/www.cla.udl.cat\/#\/schema\/logo\/image\/","url":"https:\/\/www.cla.udl.cat\/wp-content\/uploads\/2017\/09\/logo-CLA.gif","contentUrl":"https:\/\/www.cla.udl.cat\/wp-content\/uploads\/2017\/09\/logo-CLA.gif","width":156,"height":169,"caption":"CLA UDL"},"image":{"@id":"https:\/\/www.cla.udl.cat\/#\/schema\/logo\/image\/"}}]}},"_links":{"self":[{"href":"https:\/\/www.cla.udl.cat\/ca\/wp-json\/wp\/v2\/pages\/484","targetHints":{"allow":["GET"]}}],"collection":[{"href":"https:\/\/www.cla.udl.cat\/ca\/wp-json\/wp\/v2\/pages"}],"about":[{"href":"https:\/\/www.cla.udl.cat\/ca\/wp-json\/wp\/v2\/types\/page"}],"author":[{"embeddable":true,"href":"https:\/\/www.cla.udl.cat\/ca\/wp-json\/wp\/v2\/users\/1"}],"replies":[{"embeddable":true,"href":"https:\/\/www.cla.udl.cat\/ca\/wp-json\/wp\/v2\/comments?post=484"}],"version-history":[{"count":4,"href":"https:\/\/www.cla.udl.cat\/ca\/wp-json\/wp\/v2\/pages\/484\/revisions"}],"predecessor-version":[{"id":1826,"href":"https:\/\/www.cla.udl.cat\/ca\/wp-json\/wp\/v2\/pages\/484\/revisions\/1826"}],"wp:attachment":[{"href":"https:\/\/www.cla.udl.cat\/ca\/wp-json\/wp\/v2\/media?parent=484"}],"curies":[{"name":"wp","href":"https:\/\/api.w.org\/{rel}","templated":true}]}}