{"id":482,"date":"2019-01-03T12:17:15","date_gmt":"2019-01-03T12:17:15","guid":{"rendered":"http:\/\/www.cla.udl.cat\/inici\/"},"modified":"2025-10-04T10:24:07","modified_gmt":"2025-10-04T10:24:07","slug":"inici","status":"publish","type":"page","link":"https:\/\/www.cla.udl.cat\/ca\/","title":{"rendered":"Inici"},"content":{"rendered":"\t\t<div data-elementor-type=\"wp-page\" data-elementor-id=\"482\" class=\"elementor elementor-482 elementor-2\" data-elementor-post-type=\"page\">\n\t\t\t\t\t\t<section class=\"elementor-section elementor-top-section elementor-element elementor-element-f83e327 elementor-section-full_width elementor-section-height-default elementor-section-height-default\" data-id=\"f83e327\" data-element_type=\"section\" data-e-type=\"section\">\n\t\t\t\t\t\t<div class=\"elementor-container elementor-column-gap-no\">\n\t\t\t\t\t<div class=\"elementor-column elementor-col-100 elementor-top-column elementor-element elementor-element-0704519\" data-id=\"0704519\" data-element_type=\"column\" data-e-type=\"column\" data-settings=\"{&quot;background_background&quot;:&quot;classic&quot;}\">\n\t\t\t<div class=\"elementor-widget-wrap elementor-element-populated\">\n\t\t\t\t\t\t<div class=\"elementor-element elementor-element-636804b elementor-widget elementor-widget-spacer\" data-id=\"636804b\" data-element_type=\"widget\" data-e-type=\"widget\" data-widget_type=\"spacer.default\">\n\t\t\t\t<div class=\"elementor-widget-container\">\n\t\t\t\t\t\t\t<div class=\"elementor-spacer\">\n\t\t\t<div class=\"elementor-spacer-inner\"><\/div>\n\t\t<\/div>\n\t\t\t\t\t\t<\/div>\n\t\t\t\t<\/div>\n\t\t\t\t\t<\/div>\n\t\t<\/div>\n\t\t\t\t\t<\/div>\n\t\t<\/section>\n\t\t\t\t<section class=\"elementor-section elementor-top-section elementor-element elementor-element-6cfecc5 elementor-section-boxed elementor-section-height-default elementor-section-height-default\" data-id=\"6cfecc5\" data-element_type=\"section\" data-e-type=\"section\">\n\t\t\t\t\t\t<div class=\"elementor-container elementor-column-gap-default\">\n\t\t\t\t\t<div class=\"elementor-column elementor-col-50 elementor-top-column elementor-element elementor-element-37819b8\" data-id=\"37819b8\" data-element_type=\"column\" data-e-type=\"column\">\n\t\t\t<div class=\"elementor-widget-wrap elementor-element-populated\">\n\t\t\t\t\t\t<div class=\"elementor-element elementor-element-d1e9691 elementor-widget elementor-widget-video\" data-id=\"d1e9691\" data-element_type=\"widget\" data-e-type=\"widget\" data-settings=\"{&quot;youtube_url&quot;:&quot;https:\\\/\\\/youtu.be\\\/Q_KmzVgwUqE&quot;,&quot;video_type&quot;:&quot;youtube&quot;,&quot;controls&quot;:&quot;yes&quot;}\" data-widget_type=\"video.default\">\n\t\t\t\t<div class=\"elementor-widget-container\">\n\t\t\t\t\t\t\t<div class=\"elementor-wrapper elementor-open-inline\">\n\t\t\t<div class=\"elementor-video\"><\/div>\t\t<\/div>\n\t\t\t\t\t\t<\/div>\n\t\t\t\t<\/div>\n\t\t\t\t<div class=\"elementor-element elementor-element-25dd3b8 elementor-widget elementor-widget-text-editor\" data-id=\"25dd3b8\" data-element_type=\"widget\" data-e-type=\"widget\" data-widget_type=\"text-editor.default\">\n\t\t\t\t<div class=\"elementor-widget-container\">\n\t\t\t\t\t\t\t\t\t<p>El Cercle de Ling\u00fc\u00edstica Aplicada (CLA) \u00e9s un grup de recerca consolidat i reconegut per la Generalitat de Catalunya.<\/p>\n<p>Els projectes m\u00e9s recents que s\u2019han dut a terme dins del CLA s\u2019han centrat en el rol que el multiling\u00fcisme i la interculturalitat tenen envers l\u2019educaci\u00f3 secund\u00e0ria i universit\u00e0ria.<\/p>\n<p>En general, aquest grup de recerca s\u2019interessa en analitzar el desenvolupament de les lleng\u00fces i els nostres coneixements envers aquestes, en l\u2019educaci\u00f3 pluriling\u00fce, en el perfil dels professors no nadius, en la utilitzaci\u00f3 de l\u2019angl\u00e8s com a eina per ensenyar contingut, en el desenvolupament de les compet\u00e8ncies interculturals, i en l\u2019impacte de la internacionalitzaci\u00f3 en les pr\u00e0ctiques multing\u00fces dins de l\u2019educaci\u00f3 universit\u00e0ria.<\/p>\n<p>La recerca del CLA est\u00e0 estructurada en dues l\u00ednies: recerca b\u00e0sica i transfer\u00e8ncia de coneixements.<\/p>\n<p>&nbsp;<\/p>\n<ol>\n<li><strong>Desenvolupament de la recerca b\u00e0sica i les seves aplicacions<\/strong><\/li>\n<\/ol>\n<p>L\u2019objectiu principal del CLA envers aquesta \u00e0rea \u00e9s descriure i explicar la relaci\u00f3 entre pol\u00edtiques, ideologies i practiques comunicatives en l\u2019educaci\u00f3 univesitaria aix\u00ed com investigar les relacions amb el multiling\u00fcisme, la interculturalitat i la internacionalitzaci\u00f3. L\u2019assoliment d\u2019aquest objectiu podria contribuir a entendre l\u2019\u00e8xit o el frac\u00e0s de certes pol\u00edtiques dins del context universitari. Un segon objectiu del grup \u00e9s desenvolupar materials que puguin ser utilitzats com a model de refer\u00e8ncia per tal de dur a terme pr\u00e0ctiques positives envers la formaci\u00f3 dels treballadors a la universitat.<\/p>\n<ol start=\"2\">\n<li><strong> Transfer\u00e8ncia del coneixement: Observatori del Pluriling\u00fcisme a les Universitats Catalanes (<\/strong><a href=\"http:\/\/www.opuc.udl.cat\/\"><strong>OPUC<\/strong><\/a><strong>)<\/strong><\/li>\n<\/ol>\n<p>La fundaci\u00f3 de <em>l\u2019Observatori del Pluriling\u00fcisme a les Universitats Catalanes<\/em> contribueix al desenvolupament del multiling\u00fcisme i la internacionalitzaci\u00f3 de les universitats catalanes, proporcionant-los informaci\u00f3 aix\u00ed com idees i models de refer\u00e8ncia per dur a terme pr\u00e0ctiques apropiades per al multiling\u00fcisme.<\/p>\n<p>&nbsp;<\/p>\n<p style=\"margin: 18pt 0cm 12pt; color: #000000; font-size: 11pt; font-family: Calibri, sans-serif; text-align: center;\" align=\"center\"><b style=\"color: #7a7a7a; font-family: var( --e-global-typography-text-font-family ), Sans-serif; font-size: 1rem;\"><span style=\"color: red;\">NEWS!!!<\/span><\/b><b><span style=\"font-size: 16pt; font-family: Arial, sans-serif;\">\u00a0Study Abroad International Conference Lleida:<\/span><\/b><b style=\"font-family: 'Times New Roman', serif; font-size: 12pt;\"><span style=\"font-size: 16pt; font-family: Arial, sans-serif;\">\u00a0\u201cLearning through mobility: Linguistic and intercultural insights from study abroad\u201d\u00a0<\/span><\/b><b style=\"font-family: 'Times New Roman', serif; font-size: 12pt;\"><span style=\"font-size: 18pt; font-family: Arial, sans-serif;\">\u00a0<\/span><\/b><span style=\"font-weight: var( --e-global-typography-text-font-weight ); font-size: 11pt;\"><u><\/u>\u00a0<\/span><\/p>\n<p style=\"margin: 0cm; color: #000000; font-size: 12pt; font-family: 'Times New Roman', serif; text-align: center;\" align=\"center\"><b><span style=\"font-family: Arial, sans-serif;\">Universitat de Lleida (UdL), Facultat de Lletres, room 2.26 (Sala Roberto Fern\u00e1ndez)\u00a0<\/span><\/b><b><span style=\"font-family: Arial, sans-serif;\">\u00a0<\/span><\/b><span style=\"font-size: 11pt; font-family: Calibri, sans-serif;\"><u><\/u>\u00a0<\/span><\/p>\n<p style=\"margin: 0cm; color: #000000; font-size: 12pt; font-family: 'Times New Roman', serif; text-align: center;\" align=\"center\"><b><span style=\"font-size: 13pt; font-family: Arial, sans-serif;\">*\u00a0<\/span><\/b><b><span style=\"font-size: 13pt; font-family: Arial, sans-serif; color: #1155cc;\">May 18th and 19th, 2026\u00a0<\/span><\/b><b><span style=\"font-size: 13pt; font-family: Arial, sans-serif;\">*<\/span><\/b><span style=\"font-family: Arial, sans-serif;\">\u00a0<\/span><span style=\"font-size: 11pt; font-family: Calibri, sans-serif;\"><u><\/u>\u00a0<u><\/u><\/span><\/p>\n<p style=\"margin: 0cm 0cm 8pt; color: #000000; font-size: 12pt; font-family: 'Times New Roman', serif; text-align: justify;\"><span lang=\"EN-GB\" style=\"font-size: 11pt; font-family: Arial, sans-serif;\">\u00a0<\/span><span style=\"font-size: 11pt; font-family: Calibri, sans-serif;\"><u><\/u>\u00a0<u><\/u><\/span><\/p>\n<p dir=\"ltr\" style=\"line-height: 1.5; text-align: center; margin-top: 0pt; margin-bottom: 0pt;\"><span style=\"font-size: 14pt; font-family: 'EB Garamond'; color: #1c1c1c; background-color: transparent; font-variant-numeric: normal; font-variant-east-asian: normal; font-variant-alternates: normal; font-variant-position: normal; font-variant-emoji: normal; text-decoration-line: underline; text-decoration-skip-ink: none; vertical-align: baseline; white-space-collapse: preserve;\">Exploring New Directions in Study Abroad Research: Languages, Technology, and Beyond\u00a0<\/span><\/p>\n<p style=\"margin: 0cm 0cm 8pt; color: #000000; font-size: 12pt; font-family: 'Times New Roman', serif; text-align: justify;\"><span style=\"background-color: transparent; color: #1c1c1c; font-family: 'EB Garamond'; font-size: 14pt; white-space-collapse: preserve;\">The Study Abroad Research in European Perspective (SAREP) network brings together international researchers and practitioners interested in the study of language and intercultural learning and educational experiences in mobility contexts. This 2026 edition will be a small-scale conference, designed to foster in-depth discussion and collaboration. Our aim is to explore what is currently being done in study abroad research and to reflect on future directions, particularly at the intersection of language learning, international education, and technology. Special attention will be given to the role of digital technologies, not only as tools that shape research methodologies, but also as factors that influence how students learn, interact, and develop competences during their study abroad experiences. <\/span><span style=\"font-size: 11pt; font-family: Calibri, sans-serif;\">\u00a0<\/span><\/p>\n<p style=\"margin: 0cm 0cm 8pt; color: #000000; text-align: justify;\"><span style=\"font-family: Calibri, sans-serif;\"><span style=\"font-size: 14.6667px;\"><b>ARE YOU INTERESTED?<\/b>\u00a0Find all the information you need on our webpage\u00a0<\/span><\/span><a href=\"https:\/\/sites.google.com\/view\/studyabroad-conference-lleida\/home?authuser=4\" target=\"_blank\" rel=\"noopener\">here<\/a><span style=\"font-family: Calibri, sans-serif;\"><span style=\"font-size: 14.6667px;\">!<\/span><\/span><\/p>\n<p>&nbsp;<\/p>\n\t\t\t\t\t\t\t\t<\/div>\n\t\t\t\t<\/div>\n\t\t\t\t\t<\/div>\n\t\t<\/div>\n\t\t\t\t<div class=\"elementor-column elementor-col-50 elementor-top-column elementor-element elementor-element-9f1246d\" data-id=\"9f1246d\" data-element_type=\"column\" data-e-type=\"column\">\n\t\t\t<div class=\"elementor-widget-wrap elementor-element-populated\">\n\t\t\t\t\t\t<div class=\"elementor-element elementor-element-d06638d elementor-widget elementor-widget-html\" data-id=\"d06638d\" data-element_type=\"widget\" data-e-type=\"widget\" data-widget_type=\"html.default\">\n\t\t\t\t<div class=\"elementor-widget-container\">\n\t\t\t\t\t<a class=\"twitter-timeline\" href=\"https:\/\/x.com\/UdLCLA\">Tweets by UdLCLA<\/a> <script async src=\"https:\/\/platform.twitter.com\/widgets.js\" charset=\"utf-8\"><\/script>\t\t\t\t<\/div>\n\t\t\t\t<\/div>\n\t\t\t\t\t<\/div>\n\t\t<\/div>\n\t\t\t\t\t<\/div>\n\t\t<\/section>\n\t\t\t\t<\/div>\n\t\t","protected":false},"excerpt":{"rendered":"<p>https:\/\/youtu.be\/Q_KmzVgwUqE El Cercle de Ling\u00fc\u00edstica Aplicada (CLA) \u00e9s un grup de recerca consolidat i reconegut per la Generalitat de Catalunya. Els projectes m\u00e9s recents que s\u2019han dut a terme dins del CLA s\u2019han centrat en el rol que el multiling\u00fcisme i la interculturalitat tenen envers l\u2019educaci\u00f3 secund\u00e0ria i universit\u00e0ria. En general, aquest grup de recerca [&hellip;]<\/p>\n","protected":false},"author":1,"featured_media":0,"parent":0,"menu_order":0,"comment_status":"closed","ping_status":"open","template":"","meta":{"footnotes":""},"class_list":["post-482","page","type-page","status-publish","hentry"],"yoast_head":"<!-- This site is optimized with the Yoast SEO plugin v21.3 - https:\/\/yoast.com\/wordpress\/plugins\/seo\/ -->\n<title>Inici - CLA UDL<\/title>\n<meta name=\"robots\" content=\"index, follow, max-snippet:-1, max-image-preview:large, max-video-preview:-1\" \/>\n<link rel=\"canonical\" href=\"https:\/\/www.cla.udl.cat\/\" \/>\n<meta property=\"og:locale\" content=\"ca_ES\" \/>\n<meta property=\"og:type\" content=\"article\" \/>\n<meta property=\"og:title\" content=\"Inici - CLA UDL\" \/>\n<meta property=\"og:description\" content=\"https:\/\/youtu.be\/Q_KmzVgwUqE El Cercle de Ling\u00fc\u00edstica Aplicada (CLA) \u00e9s un grup de recerca consolidat i reconegut per la Generalitat de Catalunya. Els projectes m\u00e9s recents que s\u2019han dut a terme dins del CLA s\u2019han centrat en el rol que el multiling\u00fcisme i la interculturalitat tenen envers l\u2019educaci\u00f3 secund\u00e0ria i universit\u00e0ria. En general, aquest grup de recerca [&hellip;]\" \/>\n<meta property=\"og:url\" content=\"https:\/\/www.cla.udl.cat\/\" \/>\n<meta property=\"og:site_name\" content=\"CLA UDL\" \/>\n<meta property=\"article:modified_time\" content=\"2025-10-04T10:24:07+00:00\" \/>\n<meta name=\"twitter:card\" content=\"summary_large_image\" \/>\n<meta name=\"twitter:label1\" content=\"Temps estimat de lectura\" \/>\n\t<meta name=\"twitter:data1\" content=\"3 minuts\" \/>\n<script type=\"application\/ld+json\" class=\"yoast-schema-graph\">{\"@context\":\"https:\/\/schema.org\",\"@graph\":[{\"@type\":\"WebPage\",\"@id\":\"https:\/\/www.cla.udl.cat\/\",\"url\":\"https:\/\/www.cla.udl.cat\/\",\"name\":\"Inici - CLA UDL\",\"isPartOf\":{\"@id\":\"https:\/\/www.cla.udl.cat\/#website\"},\"datePublished\":\"2019-01-03T12:17:15+00:00\",\"dateModified\":\"2025-10-04T10:24:07+00:00\",\"breadcrumb\":{\"@id\":\"https:\/\/www.cla.udl.cat\/#breadcrumb\"},\"inLanguage\":\"ca\",\"potentialAction\":[{\"@type\":\"ReadAction\",\"target\":[\"https:\/\/www.cla.udl.cat\/\"]}]},{\"@type\":\"BreadcrumbList\",\"@id\":\"https:\/\/www.cla.udl.cat\/#breadcrumb\",\"itemListElement\":[{\"@type\":\"ListItem\",\"position\":1,\"name\":\"Portada\",\"item\":\"https:\/\/www.cla.udl.cat\/\"},{\"@type\":\"ListItem\",\"position\":2,\"name\":\"Inici\"}]},{\"@type\":\"WebSite\",\"@id\":\"https:\/\/www.cla.udl.cat\/#website\",\"url\":\"https:\/\/www.cla.udl.cat\/\",\"name\":\"CLA UDL\",\"description\":\"Cercle de Ling\u00fc\u00edstica Aplicada\",\"publisher\":{\"@id\":\"https:\/\/www.cla.udl.cat\/#organization\"},\"potentialAction\":[{\"@type\":\"SearchAction\",\"target\":{\"@type\":\"EntryPoint\",\"urlTemplate\":\"https:\/\/www.cla.udl.cat\/?s={search_term_string}\"},\"query-input\":\"required name=search_term_string\"}],\"inLanguage\":\"ca\"},{\"@type\":\"Organization\",\"@id\":\"https:\/\/www.cla.udl.cat\/#organization\",\"name\":\"CLA UDL\",\"url\":\"https:\/\/www.cla.udl.cat\/\",\"logo\":{\"@type\":\"ImageObject\",\"inLanguage\":\"ca\",\"@id\":\"https:\/\/www.cla.udl.cat\/#\/schema\/logo\/image\/\",\"url\":\"https:\/\/www.cla.udl.cat\/wp-content\/uploads\/2017\/09\/logo-CLA.gif\",\"contentUrl\":\"https:\/\/www.cla.udl.cat\/wp-content\/uploads\/2017\/09\/logo-CLA.gif\",\"width\":156,\"height\":169,\"caption\":\"CLA UDL\"},\"image\":{\"@id\":\"https:\/\/www.cla.udl.cat\/#\/schema\/logo\/image\/\"}}]}<\/script>\n<!-- \/ Yoast SEO plugin. -->","yoast_head_json":{"title":"Inici - CLA UDL","robots":{"index":"index","follow":"follow","max-snippet":"max-snippet:-1","max-image-preview":"max-image-preview:large","max-video-preview":"max-video-preview:-1"},"canonical":"https:\/\/www.cla.udl.cat\/","og_locale":"ca_ES","og_type":"article","og_title":"Inici - CLA UDL","og_description":"https:\/\/youtu.be\/Q_KmzVgwUqE El Cercle de Ling\u00fc\u00edstica Aplicada (CLA) \u00e9s un grup de recerca consolidat i reconegut per la Generalitat de Catalunya. Els projectes m\u00e9s recents que s\u2019han dut a terme dins del CLA s\u2019han centrat en el rol que el multiling\u00fcisme i la interculturalitat tenen envers l\u2019educaci\u00f3 secund\u00e0ria i universit\u00e0ria. En general, aquest grup de recerca [&hellip;]","og_url":"https:\/\/www.cla.udl.cat\/","og_site_name":"CLA UDL","article_modified_time":"2025-10-04T10:24:07+00:00","twitter_card":"summary_large_image","twitter_misc":{"Temps estimat de lectura":"3 minuts"},"schema":{"@context":"https:\/\/schema.org","@graph":[{"@type":"WebPage","@id":"https:\/\/www.cla.udl.cat\/","url":"https:\/\/www.cla.udl.cat\/","name":"Inici - CLA UDL","isPartOf":{"@id":"https:\/\/www.cla.udl.cat\/#website"},"datePublished":"2019-01-03T12:17:15+00:00","dateModified":"2025-10-04T10:24:07+00:00","breadcrumb":{"@id":"https:\/\/www.cla.udl.cat\/#breadcrumb"},"inLanguage":"ca","potentialAction":[{"@type":"ReadAction","target":["https:\/\/www.cla.udl.cat\/"]}]},{"@type":"BreadcrumbList","@id":"https:\/\/www.cla.udl.cat\/#breadcrumb","itemListElement":[{"@type":"ListItem","position":1,"name":"Portada","item":"https:\/\/www.cla.udl.cat\/"},{"@type":"ListItem","position":2,"name":"Inici"}]},{"@type":"WebSite","@id":"https:\/\/www.cla.udl.cat\/#website","url":"https:\/\/www.cla.udl.cat\/","name":"CLA UDL","description":"Cercle de Ling\u00fc\u00edstica Aplicada","publisher":{"@id":"https:\/\/www.cla.udl.cat\/#organization"},"potentialAction":[{"@type":"SearchAction","target":{"@type":"EntryPoint","urlTemplate":"https:\/\/www.cla.udl.cat\/?s={search_term_string}"},"query-input":"required name=search_term_string"}],"inLanguage":"ca"},{"@type":"Organization","@id":"https:\/\/www.cla.udl.cat\/#organization","name":"CLA UDL","url":"https:\/\/www.cla.udl.cat\/","logo":{"@type":"ImageObject","inLanguage":"ca","@id":"https:\/\/www.cla.udl.cat\/#\/schema\/logo\/image\/","url":"https:\/\/www.cla.udl.cat\/wp-content\/uploads\/2017\/09\/logo-CLA.gif","contentUrl":"https:\/\/www.cla.udl.cat\/wp-content\/uploads\/2017\/09\/logo-CLA.gif","width":156,"height":169,"caption":"CLA UDL"},"image":{"@id":"https:\/\/www.cla.udl.cat\/#\/schema\/logo\/image\/"}}]}},"_links":{"self":[{"href":"https:\/\/www.cla.udl.cat\/ca\/wp-json\/wp\/v2\/pages\/482","targetHints":{"allow":["GET"]}}],"collection":[{"href":"https:\/\/www.cla.udl.cat\/ca\/wp-json\/wp\/v2\/pages"}],"about":[{"href":"https:\/\/www.cla.udl.cat\/ca\/wp-json\/wp\/v2\/types\/page"}],"author":[{"embeddable":true,"href":"https:\/\/www.cla.udl.cat\/ca\/wp-json\/wp\/v2\/users\/1"}],"replies":[{"embeddable":true,"href":"https:\/\/www.cla.udl.cat\/ca\/wp-json\/wp\/v2\/comments?post=482"}],"version-history":[{"count":49,"href":"https:\/\/www.cla.udl.cat\/ca\/wp-json\/wp\/v2\/pages\/482\/revisions"}],"predecessor-version":[{"id":4865,"href":"https:\/\/www.cla.udl.cat\/ca\/wp-json\/wp\/v2\/pages\/482\/revisions\/4865"}],"wp:attachment":[{"href":"https:\/\/www.cla.udl.cat\/ca\/wp-json\/wp\/v2\/media?parent=482"}],"curies":[{"name":"wp","href":"https:\/\/api.w.org\/{rel}","templated":true}]}}